{"id":1771,"date":"2021-03-22T18:26:18","date_gmt":"2021-03-22T15:26:18","guid":{"rendered":"https:\/\/www.associazionetributaristi.eu\/casino-non-aams\/?page_id=1771"},"modified":"2023-08-03T20:09:43","modified_gmt":"2023-08-03T17:09:43","slug":"dionisio-palermo-mi-presento","status":"publish","type":"page","link":"https:\/\/fancasinos.com\/nonaamscasino\/dionisio-palermo-mi-presento\/","title":{"rendered":"Dionisio Palermo \ud83e\udd11 \u043ci presento"},"content":{"rendered":"<p><img loading=\"lazy\" decoding=\"async\" src=\"https:\/\/www.associazionetributaristi.eu\/casino-non-aams\/wp-content\/uploads\/2021\/04\/dionisio2-255x300.jpg\" alt=\"dionisio palermo\" width=\"255\" height=\"300\" class=\"alignnone size-medium wp-image-2044 float-right\" srcset=\"https:\/\/fancasinos.com\/nonaamscasino\/wp-content\/uploads\/2021\/04\/dionisio2-255x300.jpg 255w, https:\/\/fancasinos.com\/nonaamscasino\/wp-content\/uploads\/2021\/04\/dionisio2-768x905.jpg 768w, https:\/\/fancasinos.com\/nonaamscasino\/wp-content\/uploads\/2021\/04\/dionisio2.jpg 869w\" sizes=\"auto, (max-width: 255px) 100vw, 255px\" \/><\/p>\n<p class=\"h4 font-weight-light\">Sono Dionisio Palermo, nonostante porti il nome di una grande citt\u00e0 del sud Italia, sono originario di Pisa. \u00c8 proprio all\u2019Universit\u00e0 di Pisa infatti che ho conseguito la mia laurea magistrale in Consulenza Professionale alle Aziende nel 2010 con una tesi sulla gestione del gioco d\u2019azzardo online. In seguito ho lavorato come consulente e collaudatore per i maggiori siti web di casino in Italia e nel Regno Unito.<\/p>\n    <ul class=\"list-group list-group-horizontal-md small text-secondary mt-3\">\n        <li class=\"list-group-item\"><span>Aggiornato:<\/span> 07.04.2026<\/li>\n \u00a0 \u00a0 \u00a0 \u00a0<li class=\"list-group-item\"><span>Autore:<\/span> <a href=\"\/nonaamscasino\/dionisio-palermo-mi-presento\/\" itemprop=\"author\" class=\"font-weight-normal\">Dionisio Palermo<\/a><\/li>\n        <li class=\"list-group-item\"><span>Mi piace:<\/span> 4505 <i class=\"fas fa-thumbs-up\"><\/i><\/li>\n        <li class=\"list-group-item\" itemprop=\"interactionStatistic\" itemscope itemtype=\"http:\/\/schema.org\/InteractionCounter\">\n            <span>Commenti:<\/span> <a href=\"#comments\">1<\/a> <meta itemprop=\"interactionType\" content=\"http:\/\/schema.org\/CommentAction\"\/>\n            <meta itemprop=\"userInteractionCount\" content=\"1\" \/>\n        <\/li>\n    <\/ul>\n<nav class=\"card toc mb-3\">\n        <div class=\"card-header\">\n          <div class=\"h6\" data-toggle=\"collapse\" data-target=\"#collapseTOC\" aria-expanded=\"false\" aria-controls=\"collapseTOC\" id=\"content-table\"><i class=\"fas fa-list-ul\"><\/i> Sommario<\/div>\n        <\/div>\n        <div class=\"card-body p-0 collapse\" id=\"collapseTOC\">\n          <ol class=\"m-3\"><li><a href=\"#dove-nasce-la-mia-passione-per-il-gioco-dazzardo\">\u2b50\ufe0f Dove nasce la mia passione per il gioco d\u2019azzardo<\/a><\/li><li><a href=\"#perch-ho-aperto-questo-sito\">\ud83d\udc51 Perch\u00e9 ho aperto questo sito<\/a><\/li><li><a href=\"#i-criteri-valutativi-che-io-e-il-mio-team-adottiamo\">\ud83c\udfc6 I criteri valutativi che io e il mio team adottiamo<\/a><\/li><li><a href=\"#domande-e-risposte\">\ud83d\udd14 Domande e risposte<\/a><\/li><\/ol>\n        <\/div>\n      <\/nav>\n\n<h2 id=\"dove-nasce-la-mia-passione-per-il-gioco-dazzardo\">\u2b50\ufe0f Dove nasce la mia passione per il gioco d\u2019azzardo<\/h2>\n\n<p>Ammetto di non sapertelo spiegare con precisione. A chi me lo chiede di solito rispondo scherzando che \u00e8 il gioco d\u2019azzardo che si \u00e8 appassionato a me. La verit\u00e0 \u00e8 che sono sempre stato portato per la matematica e mentre i miei coetanei non riuscivano a vederne il riscontro pratico, io mi rimboccavo le maniche per migliorarmi. Data questa predisposizione mi sono iscritto al corso di laurea in economia e ho finito per laurearmi con 110\/110. La svolta \u00e8 arrivata dopo la laurea. <\/p>\n<blockquote class=\"blockquote text-right my-5 py-3\">\n          <i class=\"fas fa-quote-left fa-2x fa-pull-left text-muted\"><\/i><p class=\"mb-0 h2 font-weight-light\">In un periodo di sbandamento in cui non sapevo bene cosa fare della mia vita ho fatto un viaggio con due amici che oggi sono miei soci in questo business.<\/p>\n          <hr><footer class=\"blockquote-footer\">Caporedattore <cite title=\"Dionisio Palermo\">Dionisio Palermo<\/cite><\/footer>\n        <\/blockquote>\n<p>Andammo a Ibiza e quasi per caso conoscemmo il magnifico casin\u00f2 locale. L\u00ec sono stato ammaliato dal tintinnio delle fiches sul tavolo verde. Ho aperto gli occhi e ho iniziato ad immaginare tutto quello che avevo studiato applicato al gioco d\u2019azzardo. Mica male! Da quel momento infatti la mia vita \u00e8 radicalmente cambiata e ho avuto la possibilit\u00e0 di trasformare le mie grandi passioni in un ottimo mestiere che mi consente di divertirmi ogni volta che ne ho voglia.<\/p>\n<p class=\"text-right\"><a href=\"#content-table\">Vai al sommario<\/a><\/p>\n\n<h2 id=\"perch-ho-aperto-questo-sito\">\ud83d\udc51 Perch\u00e9 ho aperto questo sito<\/h2>\n\n<p>Negli anni mi sono reso conto che erano proprio i clienti fruitori dei siti per cui lavoravo che avevano maggior bisogno della mia esperienza. Mi capitava spesso di leggere le recensioni degli utenti e ad un certo punto ho capito che sarei stato pi\u00f9 utile a loro. Perci\u00f2 ho deciso di aprire questo sito mettendo su una redazione di esperti giocatori d\u2019azzardo con i quali abbiamo testato la maggior parte delle piattaforme disponibili online sul mercato italiano ed estero. Insieme ai miei collaboratori ho deciso di svelarti qualche trucchetto per divertirti al meglio scommettendo denaro online in tutta sicurezza. <\/p>\n<blockquote><p>Per questo abbiamo stilato delle classifiche con tutti i siti che reputiamo migliori secondo la nostra esperienza e te li proponiamo nei diversi articoli tematici che ho scritto per te.<\/p><\/blockquote>\n<p>Il 2020 \u00e8 stato l\u2019anno della pandemia, del covid e delle innumerevoli chiusure. Mentirei se dicessi che non mancano anche a me le serate in black tie nei casino pi\u00f9 esclusivi d\u2019Europa. Purtroppo da quasi un anno questo mondo elegante e meraviglioso ha dovuto chiudere i battenti insieme alle altrettanto innocenti sale scommesse. Colgo quindi quest\u2019occasione per farti conoscere un mondo virtuale che \u00e8 da sempre racchiuso nelle tue tasche. Potrai accedere infatti a tutti i <a href=\"\/nonaamscasino\/\">casin\u00f2 non aams<\/a> che ti consiglio con qualsiasi dispositivo. Che tu scelga un computer o il tuo smartphone, potrai connetterti per giocare in qualsiasi momento della giornata e in tutta comodit\u00e0.<\/p>\n<p class=\"text-right\"><a href=\"#content-table\">Vai al sommario<\/a><\/p>\n\n<h2 id=\"i-criteri-valutativi-che-io-e-il-mio-team-adottiamo\">\ud83c\udfc6 I criteri valutativi che io e il mio team adottiamo<\/h2>\n\n<p>Come ho scritto poco pi\u00f9 sopra uno dei motivi per cui ho deciso di dedicarmi alla cura di un sito come questo sono state le tantissime recensioni che ho avuto modo di leggere negli anni in cui ho lavorato come consulente aziendale. Sono partito quindi dai dubbi e problemi che riscontravano i fruitori inesperti e ho tentato di trasformarli nei punti di forza di questa guida. Ho a cuore la sicurezza dei miei lettori e ho selezionato per la maggior parte casino con certificazione aams in modo da poterti offrire una sicurezza in pi\u00f9. Nonostante ci\u00f2 ho ritenuto di inserire anche siti web non aams perch\u00e9 tu possa godere di una scelta pi\u00f9 ampia.<\/p>\n<blockquote><p>Ho inoltre deciso di consentirti una vasta scelta per quanto riguarda i metodi di pagamento i quali sono tutti certificati e collaudati da me e dai miei collaboratori per offrirti pagamenti e riscossioni rapidi.<\/p><\/blockquote>\n<p>Potrai ovviamente trovare informazioni precise in ognuno degli articoli presenti su questo blog creato apposta per rispondere a tutti i tuoi dubbi. Un altro elemento non meno importante che \u00e8 emerso dalle recensioni degli utenti \u00e8 il problema della grafica. Per quanto ovviamente si parli di gusto personale ho lavorato per selezionare i siti pi\u00f9 disparati con font, grafiche e colori che risponderanno certamente ai tuoi bisogni e ti offriranno una piacevolissima esperienza di gioco.<\/p>\n\n<h3 id=\"domande-e-risposte\">\ud83d\udd14 Domande e risposte<\/h3>\n\n<div id=\"faq-block\" class=\"accordion shadow-sm my-0 faq\" itemscope=\"\" itemtype=\"http:\/\/schema.org\/FAQPage\"><div class=\"card\" itemscope=\"\" itemprop=\"mainEntity\" itemtype=\"http:\/\/schema.org\/Question\">\n  <div class=\"card-header\">\n    <h3 class=\"h5 my-0 btn btn-link p-0\" data-toggle=\"collapse\" data-target=\"#collapse0\" aria-expanded=\"true\" aria-controls=\"collapse0\" itemprop=\"name text\">Che consiglio daresti a chi si affaccia per la prima volta al gioco d\u2019azzardo in generale?<\/h3>\n  <\/div>\n  <div id=\"collapse0\" class=\"collapse\" data-parent=\"#faq-block\" itemprop=\"acceptedAnswer\" itemscope=\"\" itemtype=\"http:\/\/schema.org\/Answer\">\n    <div class=\"card-body\" itemprop=\"text\">Prima di tutto gli chiederei se \u00e8 maggiorenne. Poi gli direi di informarsi sui possibili rischi. Gli consiglierei di iniziare con parsimonia, magari sfruttando i bonus di benvenuto e i free spin per non compromettersi.<\/div>\n  <\/div>\n<\/div>\n<div class=\"card\" itemscope=\"\" itemprop=\"mainEntity\" itemtype=\"http:\/\/schema.org\/Question\">\n  <div class=\"card-header\">\n    <h3 class=\"h5 my-0 btn btn-link p-0\" data-toggle=\"collapse\" data-target=\"#collapse1\" aria-expanded=\"true\" aria-controls=\"collapse1\" itemprop=\"name text\">Non credi di invitare le persone alla ludopatia?<\/h3>\n  <\/div>\n  <div id=\"collapse1\" class=\"collapse\" data-parent=\"#faq-block\" itemprop=\"acceptedAnswer\" itemscope=\"\" itemtype=\"http:\/\/schema.org\/Answer\">\n    <div class=\"card-body\" itemprop=\"text\">Assolutamente no! Il gioco e il divertimento che ne consegue non hanno niente a che fare con la ludopatia se si agisce con consapevolezza e raziocinio.<\/div>\n  <\/div>\n<\/div>\n<div class=\"card\" itemscope=\"\" itemprop=\"mainEntity\" itemtype=\"http:\/\/schema.org\/Question\">\n  <div class=\"card-header\">\n    <h3 class=\"h5 my-0 btn btn-link p-0\" data-toggle=\"collapse\" data-target=\"#collapse2\" aria-expanded=\"true\" aria-controls=\"collapse2\" itemprop=\"name text\">Le probabilit\u00e0 di vittoria sono diverse online?<\/h3>\n  <\/div>\n  <div id=\"collapse2\" class=\"collapse\" data-parent=\"#faq-block\" itemprop=\"acceptedAnswer\" itemscope=\"\" itemtype=\"http:\/\/schema.org\/Answer\">\n    <div class=\"card-body\" itemprop=\"text\">La fortuna gioca sempre un ruolo preminente. Online per\u00f2 si ha la possibilit\u00e0 di scommettere importi anche molto diversi dai metodi tradizionali. Perci\u00f2 sta sempre al giocatore decidere quanto rischiare.<\/div>\n  <\/div>\n<\/div>\n<div class=\"card\" itemscope=\"\" itemprop=\"mainEntity\" itemtype=\"http:\/\/schema.org\/Question\">\n  <div class=\"card-header\">\n    <h3 class=\"h5 my-0 btn btn-link p-0\" data-toggle=\"collapse\" data-target=\"#collapse3\" aria-expanded=\"true\" aria-controls=\"collapse3\" itemprop=\"name text\">Il rischio di giocate truccate \u00e8 maggiore online?<\/h3>\n  <\/div>\n  <div id=\"collapse3\" class=\"collapse\" data-parent=\"#faq-block\" itemprop=\"acceptedAnswer\" itemscope=\"\" itemtype=\"http:\/\/schema.org\/Answer\">\n    <div class=\"card-body\" itemprop=\"text\">S\u00ec e no. Per questo ti consiglio di giocare sempre su siti affidabili che sono sottoposti a costanti controlli e usano sistemi per generare numeri casuali (RNG) che garantiscono casualit\u00e0 delle giocate.<\/div>\n  <\/div>\n<\/div>\n<div class=\"card\" itemscope=\"\" itemprop=\"mainEntity\" itemtype=\"http:\/\/schema.org\/Question\">\n  <div class=\"card-header\">\n    <h3 class=\"h5 my-0 btn btn-link p-0\" data-toggle=\"collapse\" data-target=\"#collapse4\" aria-expanded=\"true\" aria-controls=\"collapse4\" itemprop=\"name text\">Posso giocare sui casin\u00f2 aams se sono all\u2019estero?<\/h3>\n  <\/div>\n  <div id=\"collapse4\" class=\"collapse\" data-parent=\"#faq-block\" itemprop=\"acceptedAnswer\" itemscope=\"\" itemtype=\"http:\/\/schema.org\/Answer\">\n    <div class=\"card-body\" itemprop=\"text\">Purtroppo no. I casino con licenza aams infatti vengono bloccati per l\u2019estero.<\/div>\n  <\/div>\n<\/div>\n<div class=\"card\" itemscope=\"\" itemprop=\"mainEntity\" itemtype=\"http:\/\/schema.org\/Question\">\n  <div class=\"card-header\">\n    <h3 class=\"h5 my-0 btn btn-link p-0\" data-toggle=\"collapse\" data-target=\"#collapse5\" aria-expanded=\"true\" aria-controls=\"collapse5\" itemprop=\"name text\">Come pensi evolver\u00e0 il gioco d\u2019azzardo in Italia?<\/h3>\n  <\/div>\n  <div id=\"collapse5\" class=\"collapse\" data-parent=\"#faq-block\" itemprop=\"acceptedAnswer\" itemscope=\"\" itemtype=\"http:\/\/schema.org\/Answer\">\n    <div class=\"card-body\" itemprop=\"text\">Complici i provvedimenti per il covid molti casino si sono spostati online affidandosi ai migliori sviluppatori. Prevedo un ulteriore boom nei prossimi anni.<\/div>\n  <\/div>\n<\/div>\n<\/div>\n[ck_related_last]\n<p class=\"text-right\"><a href=\"#content-table\">Vai al sommario<\/a><\/p>\n","protected":false},"excerpt":{"rendered":"<p>Ammetto di non sapertelo spiegare con precisione. A chi me lo chiede di solito rispondo scherzando che \u00e8 il gioco d\u2019azzardo che si \u00e8 appassionato a me. La verit\u00e0 \u00e8 che sono sempre stato portato per la matematica e mentre i miei coetanei non riuscivano a vederne il riscontro pratico, io mi rimboccavo le maniche [&hellip;]<\/p>\n","protected":false},"author":1,"featured_media":0,"parent":0,"menu_order":0,"comment_status":"closed","ping_status":"closed","template":"","meta":{"footnotes":""},"class_list":["post-1771","page","type-page","status-publish","hentry"],"acf":[],"yoast_head":"<!-- This site is optimized with the Yoast SEO plugin v27.0 - https:\/\/yoast.com\/product\/yoast-seo-wordpress\/ -->\n<title>Dionisio Palermo \ud83d\udcdd una finestra sull\u2019autore<\/title>\n<meta name=\"description\" content=\"\u270d\ufe0f Di seguito scoprirai chi c\u2019\u00e8 dietro la stesura di questo sito ricco di consigli sul gioco d\u2019azzardo online \ud83d\udcb6\" \/>\n<meta name=\"robots\" content=\"index, follow, max-snippet:-1, max-image-preview:large, max-video-preview:-1\" \/>\n<link rel=\"canonical\" href=\"https:\/\/nonaamscasino.com\/dionisio-palermo-mi-presento\/\" \/>\n<meta property=\"og:locale\" content=\"it_IT\" \/>\n<meta property=\"og:type\" content=\"article\" \/>\n<meta property=\"og:title\" content=\"Dionisio Palermo \ud83d\udcdd una finestra sull\u2019autore\" \/>\n<meta property=\"og:description\" content=\"\u270d\ufe0f Di seguito scoprirai chi c\u2019\u00e8 dietro la stesura di questo sito ricco di consigli sul gioco d\u2019azzardo online \ud83d\udcb6\" \/>\n<meta property=\"og:url\" content=\"https:\/\/nonaamscasino.com\/dionisio-palermo-mi-presento\/\" \/>\n<meta property=\"og:site_name\" content=\"Casino non AAMS\" \/>\n<meta property=\"article:modified_time\" content=\"2023-08-03T17:09:43+00:00\" \/>\n<meta property=\"og:image\" content=\"https:\/\/fancasinos.com\/nonaamscasino\/wp-content\/uploads\/2021\/04\/dionisio2.jpg\" \/>\n\t<meta property=\"og:image:width\" content=\"869\" \/>\n\t<meta property=\"og:image:height\" content=\"1024\" \/>\n\t<meta property=\"og:image:type\" content=\"image\/jpeg\" \/>\n<meta name=\"twitter:card\" content=\"summary_large_image\" \/>\n<meta name=\"twitter:label1\" content=\"Tempo di lettura stimato\" \/>\n\t<meta name=\"twitter:data1\" content=\"5 minuti\" \/>\n<script type=\"application\/ld+json\" class=\"yoast-schema-graph\">{\"@context\":\"https:\/\/schema.org\",\"@graph\":[{\"@type\":\"WebPage\",\"@id\":\"https:\/\/fancasinos.com\/nonaamscasino\/dionisio-palermo-mi-presento\/\",\"url\":\"https:\/\/nonaamscasino.com\/dionisio-palermo-mi-presento\/\",\"name\":\"Dionisio Palermo \ud83d\udcdd una finestra sull\u2019autore\",\"isPartOf\":{\"@id\":\"https:\/\/fancasinos.com\/nonaamscasino\/#website\"},\"primaryImageOfPage\":{\"@id\":\"https:\/\/nonaamscasino.com\/dionisio-palermo-mi-presento\/#primaryimage\"},\"image\":{\"@id\":\"https:\/\/nonaamscasino.com\/dionisio-palermo-mi-presento\/#primaryimage\"},\"thumbnailUrl\":\"https:\/\/www.associazionetributaristi.eu\/casino-non-aams\/wp-content\/uploads\/2021\/04\/dionisio2-255x300.jpg\",\"datePublished\":\"2021-03-22T15:26:18+00:00\",\"dateModified\":\"2023-08-03T17:09:43+00:00\",\"description\":\"\u270d\ufe0f Di seguito scoprirai chi c\u2019\u00e8 dietro la stesura di questo sito ricco di consigli sul gioco d\u2019azzardo online \ud83d\udcb6\",\"breadcrumb\":{\"@id\":\"https:\/\/nonaamscasino.com\/dionisio-palermo-mi-presento\/#breadcrumb\"},\"inLanguage\":\"it-IT\",\"potentialAction\":[{\"@type\":\"ReadAction\",\"target\":[\"https:\/\/nonaamscasino.com\/dionisio-palermo-mi-presento\/\"]}]},{\"@type\":\"ImageObject\",\"inLanguage\":\"it-IT\",\"@id\":\"https:\/\/nonaamscasino.com\/dionisio-palermo-mi-presento\/#primaryimage\",\"url\":\"https:\/\/www.associazionetributaristi.eu\/casino-non-aams\/wp-content\/uploads\/2021\/04\/dionisio2-255x300.jpg\",\"contentUrl\":\"https:\/\/www.associazionetributaristi.eu\/casino-non-aams\/wp-content\/uploads\/2021\/04\/dionisio2-255x300.jpg\"},{\"@type\":\"BreadcrumbList\",\"@id\":\"https:\/\/nonaamscasino.com\/dionisio-palermo-mi-presento\/#breadcrumb\",\"itemListElement\":[{\"@type\":\"ListItem\",\"position\":1,\"name\":\"\u0413\u043b\u0430\u0432\u043d\u0430\u044f \u0441\u0442\u0440\u0430\u043d\u0438\u0446\u0430\",\"item\":\"https:\/\/fancasinos.com\/nonaamscasino\/\"},{\"@type\":\"ListItem\",\"position\":2,\"name\":\"Dionisio Palermo \ud83e\udd11 \u043ci presento\"}]},{\"@type\":\"WebSite\",\"@id\":\"https:\/\/fancasinos.com\/nonaamscasino\/#website\",\"url\":\"https:\/\/fancasinos.com\/nonaamscasino\/\",\"name\":\"Casino non AAMS\",\"description\":\"\",\"potentialAction\":[{\"@type\":\"SearchAction\",\"target\":{\"@type\":\"EntryPoint\",\"urlTemplate\":\"https:\/\/fancasinos.com\/nonaamscasino\/?s={search_term_string}\"},\"query-input\":{\"@type\":\"PropertyValueSpecification\",\"valueRequired\":true,\"valueName\":\"search_term_string\"}}],\"inLanguage\":\"it-IT\"}]}<\/script>\n<!-- \/ Yoast SEO plugin. -->","yoast_head_json":{"title":"Dionisio Palermo \ud83d\udcdd una finestra sull\u2019autore","description":"\u270d\ufe0f Di seguito scoprirai chi c\u2019\u00e8 dietro la stesura di questo sito ricco di consigli sul gioco d\u2019azzardo online \ud83d\udcb6","robots":{"index":"index","follow":"follow","max-snippet":"max-snippet:-1","max-image-preview":"max-image-preview:large","max-video-preview":"max-video-preview:-1"},"canonical":"https:\/\/nonaamscasino.com\/dionisio-palermo-mi-presento\/","og_locale":"it_IT","og_type":"article","og_title":"Dionisio Palermo \ud83d\udcdd una finestra sull\u2019autore","og_description":"\u270d\ufe0f Di seguito scoprirai chi c\u2019\u00e8 dietro la stesura di questo sito ricco di consigli sul gioco d\u2019azzardo online \ud83d\udcb6","og_url":"https:\/\/nonaamscasino.com\/dionisio-palermo-mi-presento\/","og_site_name":"Casino non AAMS","article_modified_time":"2023-08-03T17:09:43+00:00","og_image":[{"width":869,"height":1024,"url":"https:\/\/fancasinos.com\/nonaamscasino\/wp-content\/uploads\/2021\/04\/dionisio2.jpg","type":"image\/jpeg"}],"twitter_card":"summary_large_image","twitter_misc":{"Tempo di lettura stimato":"5 minuti"},"schema":{"@context":"https:\/\/schema.org","@graph":[{"@type":"WebPage","@id":"https:\/\/fancasinos.com\/nonaamscasino\/dionisio-palermo-mi-presento\/","url":"https:\/\/nonaamscasino.com\/dionisio-palermo-mi-presento\/","name":"Dionisio Palermo \ud83d\udcdd una finestra sull\u2019autore","isPartOf":{"@id":"https:\/\/fancasinos.com\/nonaamscasino\/#website"},"primaryImageOfPage":{"@id":"https:\/\/nonaamscasino.com\/dionisio-palermo-mi-presento\/#primaryimage"},"image":{"@id":"https:\/\/nonaamscasino.com\/dionisio-palermo-mi-presento\/#primaryimage"},"thumbnailUrl":"https:\/\/www.associazionetributaristi.eu\/casino-non-aams\/wp-content\/uploads\/2021\/04\/dionisio2-255x300.jpg","datePublished":"2021-03-22T15:26:18+00:00","dateModified":"2023-08-03T17:09:43+00:00","description":"\u270d\ufe0f Di seguito scoprirai chi c\u2019\u00e8 dietro la stesura di questo sito ricco di consigli sul gioco d\u2019azzardo online \ud83d\udcb6","breadcrumb":{"@id":"https:\/\/nonaamscasino.com\/dionisio-palermo-mi-presento\/#breadcrumb"},"inLanguage":"it-IT","potentialAction":[{"@type":"ReadAction","target":["https:\/\/nonaamscasino.com\/dionisio-palermo-mi-presento\/"]}]},{"@type":"ImageObject","inLanguage":"it-IT","@id":"https:\/\/nonaamscasino.com\/dionisio-palermo-mi-presento\/#primaryimage","url":"https:\/\/www.associazionetributaristi.eu\/casino-non-aams\/wp-content\/uploads\/2021\/04\/dionisio2-255x300.jpg","contentUrl":"https:\/\/www.associazionetributaristi.eu\/casino-non-aams\/wp-content\/uploads\/2021\/04\/dionisio2-255x300.jpg"},{"@type":"BreadcrumbList","@id":"https:\/\/nonaamscasino.com\/dionisio-palermo-mi-presento\/#breadcrumb","itemListElement":[{"@type":"ListItem","position":1,"name":"\u0413\u043b\u0430\u0432\u043d\u0430\u044f \u0441\u0442\u0440\u0430\u043d\u0438\u0446\u0430","item":"https:\/\/fancasinos.com\/nonaamscasino\/"},{"@type":"ListItem","position":2,"name":"Dionisio Palermo \ud83e\udd11 \u043ci presento"}]},{"@type":"WebSite","@id":"https:\/\/fancasinos.com\/nonaamscasino\/#website","url":"https:\/\/fancasinos.com\/nonaamscasino\/","name":"Casino non AAMS","description":"","potentialAction":[{"@type":"SearchAction","target":{"@type":"EntryPoint","urlTemplate":"https:\/\/fancasinos.com\/nonaamscasino\/?s={search_term_string}"},"query-input":{"@type":"PropertyValueSpecification","valueRequired":true,"valueName":"search_term_string"}}],"inLanguage":"it-IT"}]}},"_links":{"self":[{"href":"https:\/\/fancasinos.com\/nonaamscasino\/wp-json\/wp\/v2\/pages\/1771","targetHints":{"allow":["GET"]}}],"collection":[{"href":"https:\/\/fancasinos.com\/nonaamscasino\/wp-json\/wp\/v2\/pages"}],"about":[{"href":"https:\/\/fancasinos.com\/nonaamscasino\/wp-json\/wp\/v2\/types\/page"}],"author":[{"embeddable":true,"href":"https:\/\/fancasinos.com\/nonaamscasino\/wp-json\/wp\/v2\/users\/1"}],"replies":[{"embeddable":true,"href":"https:\/\/fancasinos.com\/nonaamscasino\/wp-json\/wp\/v2\/comments?post=1771"}],"version-history":[{"count":3,"href":"https:\/\/fancasinos.com\/nonaamscasino\/wp-json\/wp\/v2\/pages\/1771\/revisions"}],"predecessor-version":[{"id":2716,"href":"https:\/\/fancasinos.com\/nonaamscasino\/wp-json\/wp\/v2\/pages\/1771\/revisions\/2716"}],"wp:attachment":[{"href":"https:\/\/fancasinos.com\/nonaamscasino\/wp-json\/wp\/v2\/media?parent=1771"}],"curies":[{"name":"wp","href":"https:\/\/api.w.org\/{rel}","templated":true}]}}